{"id":52992,"date":"2026-03-03T10:17:15","date_gmt":"2026-03-03T10:17:15","guid":{"rendered":"https:\/\/garinitka.pl\/?page_id=52992"},"modified":"2026-03-03T10:18:32","modified_gmt":"2026-03-03T10:18:32","slug":"platnosci","status":"publish","type":"page","link":"https:\/\/garinitka.pl\/en\/platnosci\/","title":{"rendered":"P\u0142atno\u015bci"},"content":{"rendered":"\t\t<div data-elementor-type=\"wp-page\" data-elementor-id=\"52992\" class=\"elementor elementor-52992\">\n\t\t\t\t<div class=\"elementor-element elementor-element-cc3f437 e-con-full e-flex cmsmasters-block-default e-con e-parent\" data-id=\"cc3f437\" data-element_type=\"container\" data-e-type=\"container\">\n\t\t<div class=\"elementor-element elementor-element-5a387ac e-con-full e-flex cmsmasters-block-default e-con e-child\" data-id=\"5a387ac\" data-element_type=\"container\" data-e-type=\"container\" data-settings=\"{&quot;background_background&quot;:&quot;classic&quot;}\">\n\t\t\t\t<div class=\"elementor-element elementor-element-2440569 animated-fast cmsmasters-block-default cmsmasters-sticky-default elementor-invisible elementor-widget elementor-widget-heading\" data-id=\"2440569\" data-element_type=\"widget\" data-e-type=\"widget\" data-settings=\"{&quot;_animation&quot;:&quot;cmsmasters-pop-in&quot;}\" data-widget_type=\"heading.default\">\n\t\t\t\t\t<h2 class=\"elementor-heading-title elementor-size-default\">P\u0142atno\u015bci<\/h2>\t\t\t\t<\/div>\n\t\t\t\t<div class=\"elementor-element elementor-element-8b63b5e elementor-widget__width-initial cmsmasters-block-default cmsmasters-sticky-default elementor-invisible elementor-widget elementor-widget-text-editor\" data-id=\"8b63b5e\" data-element_type=\"widget\" data-e-type=\"widget\" data-settings=\"{&quot;_animation&quot;:&quot;cmsmasters-fade-in&quot;,&quot;_animation_delay&quot;:300}\" data-widget_type=\"text-editor.default\">\n\t\t\t\t\t\t\t\t\t<p class=\"p1\">Hej! <span class=\"s1\">\ud83d\udc4b<\/span> Zebrali\u015bmy tutaj odpowiedzi na tematy, o kt\u00f3re pytacie najcz\u0119\u015bciej. Konkret, bez prawniczego be\u0142kotu \u2013 ale tak, \u017ceby wszystko by\u0142o jasne. Je\u015bli nie znajdziesz tu rozwi\u0105zania, napisz do nas: <a href=\"mailto:hej@garinitka.pl\"><span class=\"s2\">hej@garinitka.pl<\/span><\/a>.<\/p>\t\t\t\t\t\t\t\t<\/div>\n\t\t\t\t<div data-animation-type=\"block\" class=\"animation_type_block elementor-element elementor-element-486d633 elementor-widget__width-initial cmsmasters-title-alignment-left cmsmasters-item-icon-position-left cmsmasters-trigger-icon-view-default animation_type_block cmsmasters-block-default cmsmasters-sticky-default elementor-invisible elementor-widget elementor-widget-cmsmasters-toggles cmsmasters-widget-toggles\" data-animation-stagger=\"\" data-separate-animation-selector=\".elementor-widget-cmsmasters-toggles__item\" data-text-animation-class=\"sequental, random\" data-id=\"486d633\" data-element_type=\"widget\" data-e-type=\"widget\" data-settings=\"{&quot;toggles&quot;:[{&quot;toggle_title&quot;:&quot;Jak mog\\u0119 zap\\u0142aci\\u0107?&quot;,&quot;toggle_content&quot;:&quot;&lt;p class=\\&quot;p1\\&quot;&gt;Dost\\u0119pne metody p\\u0142atno\\u015bci zobaczysz w Garze (Koszyku) przy sk\\u0142adaniu zam\\u00f3wienia.&lt;\\\/p&gt;&quot;,&quot;_id&quot;:&quot;0d18de1&quot;,&quot;content_type&quot;:&quot;toggle-content&quot;,&quot;saved_section&quot;:null,&quot;item_icon&quot;:{&quot;value&quot;:&quot;&quot;,&quot;library&quot;:&quot;&quot;},&quot;toggle_custom_id&quot;:&quot;&quot;},{&quot;toggle_title&quot;:&quot;Pieni\\u0105dze pobrane, a zam\\u00f3wienia nie widz\\u0119.&quot;,&quot;toggle_content&quot;:&quot;&lt;p class=\\&quot;p1\\&quot;&gt;Spokojnie \\u2013 czasem system potrzebuje chwili. Je\\u015bli po kilkunastu minutach nic nie przyjdzie, napisz do nas.&lt;\\\/p&gt;&quot;,&quot;_id&quot;:&quot;331f4ba&quot;,&quot;content_type&quot;:&quot;toggle-content&quot;,&quot;saved_section&quot;:null,&quot;item_icon&quot;:{&quot;value&quot;:&quot;&quot;,&quot;library&quot;:&quot;&quot;},&quot;toggle_custom_id&quot;:&quot;&quot;},{&quot;toggle_title&quot;:&quot;Czy dostan\\u0119 faktur\\u0119?&quot;,&quot;toggle_content&quot;:&quot;&lt;p class=\\&quot;p1\\&quot;&gt;Tak. Podaj\\u0105c wszystkie dane podczas sk\\u0142adania zam\\u00f3wienia.&lt;\\\/p&gt;&quot;,&quot;_id&quot;:&quot;46972af&quot;,&quot;content_type&quot;:&quot;toggle-content&quot;,&quot;saved_section&quot;:null,&quot;item_icon&quot;:{&quot;value&quot;:&quot;&quot;,&quot;library&quot;:&quot;&quot;},&quot;toggle_custom_id&quot;:&quot;&quot;}],&quot;_animation&quot;:&quot;cmsmasters-fade-in&quot;,&quot;_animation_delay&quot;:500,&quot;type&quot;:&quot;accordion&quot;}\" data-widget_type=\"cmsmasters-toggles.default\">\n\t\t\t\t\t<div class=\"elementor-widget-cmsmasters-toggles__list\"><div class=\"elementor-widget-cmsmasters-toggles__item\"><h6 id=\"elementor-tab-title-7591\" class=\"elementor-widget-cmsmasters-toggles__title\" data-tab=\"1\" aria-expanded=\"false\" aria-controls=\"elementor-widget-cmsmasters-toggles__content-7591\" tabindex=\"0\"><a class=\"elementor-widget-cmsmasters-toggles__title-link cmsmasters_enable_trigger_icon\" href=\"#\" tabindex=\"-1\"><span class=\"elementor-widget-cmsmasters-toggles__title-text\">Jak mog\u0119 zap\u0142aci\u0107?<\/span><\/a><span class=\"elementor-widget-cmsmasters-toggles__trigger\"><span class=\"elementor-widget-cmsmasters-toggles__trigger-closed\"><svg aria-hidden=\"true\" aria-label=\"Closed\" class=\"e-font-icon-svg e-fas-plus\" viewBox=\"0 0 448 512\" xmlns=\"http:\/\/www.w3.org\/2000\/svg\"><path d=\"M416 208H272V64c0-17.67-14.33-32-32-32h-32c-17.67 0-32 14.33-32 32v144H32c-17.67 0-32 14.33-32 32v32c0 17.67 14.33 32 32 32h144v144c0 17.67 14.33 32 32 32h32c17.67 0 32-14.33 32-32V304h144c17.67 0 32-14.33 32-32v-32c0-17.67-14.33-32-32-32z\"><\/path><\/svg><\/span><span class=\"elementor-widget-cmsmasters-toggles__trigger-opened\"><svg aria-hidden=\"true\" aria-label=\"Opened\" class=\"e-font-icon-svg e-fas-minus\" viewBox=\"0 0 448 512\" xmlns=\"http:\/\/www.w3.org\/2000\/svg\"><path d=\"M416 208H32c-17.67 0-32 14.33-32 32v32c0 17.67 14.33 32 32 32h384c17.67 0 32-14.33 32-32v-32c0-17.67-14.33-32-32-32z\"><\/path><\/svg><\/span><\/span><\/h6><div id=\"elementor-widget-cmsmasters-toggles__content-7591\" class=\"elementor-widget-cmsmasters-toggles__content elementor-clearfix\" data-tab=\"1\"><p class=\"p1\">Dost\u0119pne metody p\u0142atno\u015bci zobaczysz w Garze (Koszyku) przy sk\u0142adaniu zam\u00f3wienia.<\/p><\/div><\/div><div class=\"elementor-widget-cmsmasters-toggles__item\"><h6 id=\"elementor-tab-title-7592\" class=\"elementor-widget-cmsmasters-toggles__title\" data-tab=\"2\" aria-expanded=\"false\" aria-controls=\"elementor-widget-cmsmasters-toggles__content-7592\" tabindex=\"0\"><a class=\"elementor-widget-cmsmasters-toggles__title-link cmsmasters_enable_trigger_icon\" href=\"#\" tabindex=\"-1\"><span class=\"elementor-widget-cmsmasters-toggles__title-text\">Pieni\u0105dze pobrane, a zam\u00f3wienia nie widz\u0119.<\/span><\/a><span class=\"elementor-widget-cmsmasters-toggles__trigger\"><span class=\"elementor-widget-cmsmasters-toggles__trigger-closed\"><svg aria-hidden=\"true\" aria-label=\"Closed\" class=\"e-font-icon-svg e-fas-plus\" viewBox=\"0 0 448 512\" xmlns=\"http:\/\/www.w3.org\/2000\/svg\"><path d=\"M416 208H272V64c0-17.67-14.33-32-32-32h-32c-17.67 0-32 14.33-32 32v144H32c-17.67 0-32 14.33-32 32v32c0 17.67 14.33 32 32 32h144v144c0 17.67 14.33 32 32 32h32c17.67 0 32-14.33 32-32V304h144c17.67 0 32-14.33 32-32v-32c0-17.67-14.33-32-32-32z\"><\/path><\/svg><\/span><span class=\"elementor-widget-cmsmasters-toggles__trigger-opened\"><svg aria-hidden=\"true\" aria-label=\"Opened\" class=\"e-font-icon-svg e-fas-minus\" viewBox=\"0 0 448 512\" xmlns=\"http:\/\/www.w3.org\/2000\/svg\"><path d=\"M416 208H32c-17.67 0-32 14.33-32 32v32c0 17.67 14.33 32 32 32h384c17.67 0 32-14.33 32-32v-32c0-17.67-14.33-32-32-32z\"><\/path><\/svg><\/span><\/span><\/h6><div id=\"elementor-widget-cmsmasters-toggles__content-7592\" class=\"elementor-widget-cmsmasters-toggles__content elementor-clearfix\" data-tab=\"2\"><p class=\"p1\">Spokojnie \u2013 czasem system potrzebuje chwili. Je\u015bli po kilkunastu minutach nic nie przyjdzie, napisz do nas.<\/p><\/div><\/div><div class=\"elementor-widget-cmsmasters-toggles__item\"><h6 id=\"elementor-tab-title-7593\" class=\"elementor-widget-cmsmasters-toggles__title\" data-tab=\"3\" aria-expanded=\"false\" aria-controls=\"elementor-widget-cmsmasters-toggles__content-7593\" tabindex=\"0\"><a class=\"elementor-widget-cmsmasters-toggles__title-link cmsmasters_enable_trigger_icon\" href=\"#\" tabindex=\"-1\"><span class=\"elementor-widget-cmsmasters-toggles__title-text\">Czy dostan\u0119 faktur\u0119?<\/span><\/a><span class=\"elementor-widget-cmsmasters-toggles__trigger\"><span class=\"elementor-widget-cmsmasters-toggles__trigger-closed\"><svg aria-hidden=\"true\" aria-label=\"Closed\" class=\"e-font-icon-svg e-fas-plus\" viewBox=\"0 0 448 512\" xmlns=\"http:\/\/www.w3.org\/2000\/svg\"><path d=\"M416 208H272V64c0-17.67-14.33-32-32-32h-32c-17.67 0-32 14.33-32 32v144H32c-17.67 0-32 14.33-32 32v32c0 17.67 14.33 32 32 32h144v144c0 17.67 14.33 32 32 32h32c17.67 0 32-14.33 32-32V304h144c17.67 0 32-14.33 32-32v-32c0-17.67-14.33-32-32-32z\"><\/path><\/svg><\/span><span class=\"elementor-widget-cmsmasters-toggles__trigger-opened\"><svg aria-hidden=\"true\" aria-label=\"Opened\" class=\"e-font-icon-svg e-fas-minus\" viewBox=\"0 0 448 512\" xmlns=\"http:\/\/www.w3.org\/2000\/svg\"><path d=\"M416 208H32c-17.67 0-32 14.33-32 32v32c0 17.67 14.33 32 32 32h384c17.67 0 32-14.33 32-32v-32c0-17.67-14.33-32-32-32z\"><\/path><\/svg><\/span><\/span><\/h6><div id=\"elementor-widget-cmsmasters-toggles__content-7593\" class=\"elementor-widget-cmsmasters-toggles__content elementor-clearfix\" data-tab=\"3\"><p class=\"p1\">Tak. Podaj\u0105c wszystkie dane podczas sk\u0142adania zam\u00f3wienia.<\/p><\/div><\/div><\/div>\t\t\t\t<\/div>\n\t\t\t\t<div class=\"elementor-element elementor-element-f71656f animated-fast cmsmasters-block-default cmsmasters-sticky-default elementor-invisible elementor-widget elementor-widget-heading\" data-id=\"f71656f\" data-element_type=\"widget\" data-e-type=\"widget\" data-settings=\"{&quot;_animation&quot;:&quot;cmsmasters-pop-in&quot;}\" data-widget_type=\"heading.default\">\n\t\t\t\t\t<h3 class=\"elementor-heading-title elementor-size-default\">Konto klienta<\/h3>\t\t\t\t<\/div>\n\t\t\t\t<div data-animation-type=\"block\" class=\"animation_type_block elementor-element elementor-element-2da6ee6 elementor-widget__width-initial cmsmasters-title-alignment-left cmsmasters-item-icon-position-left cmsmasters-trigger-icon-view-default animation_type_block cmsmasters-block-default cmsmasters-sticky-default elementor-invisible elementor-widget elementor-widget-cmsmasters-toggles cmsmasters-widget-toggles\" data-animation-stagger=\"\" data-separate-animation-selector=\".elementor-widget-cmsmasters-toggles__item\" data-text-animation-class=\"sequental, random\" data-id=\"2da6ee6\" data-element_type=\"widget\" data-e-type=\"widget\" data-settings=\"{&quot;toggles&quot;:[{&quot;toggle_title&quot;:&quot;Czy musz\\u0119 mie\\u0107 konto, \\u017ceby kupi\\u0107?&quot;,&quot;toggle_content&quot;:&quot;&lt;p class=\\&quot;p1\\&quot;&gt;Nie \\u2013 mo\\u017cesz z\\u0142o\\u017cy\\u0107 zam\\u00f3wienie jako go\\u015b\\u0107. Konto po prostu przyspiesza kolejne zakupy i daje dost\\u0119p do historii.&lt;\\\/p&gt;&quot;,&quot;_id&quot;:&quot;0d18de1&quot;,&quot;content_type&quot;:&quot;toggle-content&quot;,&quot;saved_section&quot;:null,&quot;item_icon&quot;:{&quot;value&quot;:&quot;&quot;,&quot;library&quot;:&quot;&quot;},&quot;toggle_custom_id&quot;:&quot;&quot;},{&quot;toggle_title&quot;:&quot;Zapomnia\\u0142em has\\u0142a \\u2013 i co teraz?&quot;,&quot;toggle_content&quot;:&quot;&lt;p class=\\&quot;p1\\&quot;&gt;Skorzystaj z opcji przypomnienia has\\u0142a przy logowaniu. Je\\u015bli pojawi\\u0105 si\\u0119 trudno\\u015bci, pomo\\u017cemy mailowo.&lt;\\\/p&gt;&quot;,&quot;_id&quot;:&quot;331f4ba&quot;,&quot;content_type&quot;:&quot;toggle-content&quot;,&quot;saved_section&quot;:null,&quot;item_icon&quot;:{&quot;value&quot;:&quot;&quot;,&quot;library&quot;:&quot;&quot;},&quot;toggle_custom_id&quot;:&quot;&quot;}],&quot;_animation&quot;:&quot;cmsmasters-fade-in&quot;,&quot;_animation_delay&quot;:500,&quot;type&quot;:&quot;accordion&quot;}\" data-widget_type=\"cmsmasters-toggles.default\">\n\t\t\t\t\t<div class=\"elementor-widget-cmsmasters-toggles__list\"><div class=\"elementor-widget-cmsmasters-toggles__item\"><h6 id=\"elementor-tab-title-4781\" class=\"elementor-widget-cmsmasters-toggles__title\" data-tab=\"1\" aria-expanded=\"false\" aria-controls=\"elementor-widget-cmsmasters-toggles__content-4781\" tabindex=\"0\"><a class=\"elementor-widget-cmsmasters-toggles__title-link cmsmasters_enable_trigger_icon\" href=\"#\" tabindex=\"-1\"><span class=\"elementor-widget-cmsmasters-toggles__title-text\">Czy musz\u0119 mie\u0107 konto, \u017ceby kupi\u0107?<\/span><\/a><span class=\"elementor-widget-cmsmasters-toggles__trigger\"><span class=\"elementor-widget-cmsmasters-toggles__trigger-closed\"><svg aria-hidden=\"true\" aria-label=\"Closed\" class=\"e-font-icon-svg e-fas-plus\" viewBox=\"0 0 448 512\" xmlns=\"http:\/\/www.w3.org\/2000\/svg\"><path d=\"M416 208H272V64c0-17.67-14.33-32-32-32h-32c-17.67 0-32 14.33-32 32v144H32c-17.67 0-32 14.33-32 32v32c0 17.67 14.33 32 32 32h144v144c0 17.67 14.33 32 32 32h32c17.67 0 32-14.33 32-32V304h144c17.67 0 32-14.33 32-32v-32c0-17.67-14.33-32-32-32z\"><\/path><\/svg><\/span><span class=\"elementor-widget-cmsmasters-toggles__trigger-opened\"><svg aria-hidden=\"true\" aria-label=\"Opened\" class=\"e-font-icon-svg e-fas-minus\" viewBox=\"0 0 448 512\" xmlns=\"http:\/\/www.w3.org\/2000\/svg\"><path d=\"M416 208H32c-17.67 0-32 14.33-32 32v32c0 17.67 14.33 32 32 32h384c17.67 0 32-14.33 32-32v-32c0-17.67-14.33-32-32-32z\"><\/path><\/svg><\/span><\/span><\/h6><div id=\"elementor-widget-cmsmasters-toggles__content-4781\" class=\"elementor-widget-cmsmasters-toggles__content elementor-clearfix\" data-tab=\"1\"><p class=\"p1\">Nie \u2013 mo\u017cesz z\u0142o\u017cy\u0107 zam\u00f3wienie jako go\u015b\u0107. Konto po prostu przyspiesza kolejne zakupy i daje dost\u0119p do historii.<\/p><\/div><\/div><div class=\"elementor-widget-cmsmasters-toggles__item\"><h6 id=\"elementor-tab-title-4782\" class=\"elementor-widget-cmsmasters-toggles__title\" data-tab=\"2\" aria-expanded=\"false\" aria-controls=\"elementor-widget-cmsmasters-toggles__content-4782\" tabindex=\"0\"><a class=\"elementor-widget-cmsmasters-toggles__title-link cmsmasters_enable_trigger_icon\" href=\"#\" tabindex=\"-1\"><span class=\"elementor-widget-cmsmasters-toggles__title-text\">Zapomnia\u0142em has\u0142a \u2013 i co teraz?<\/span><\/a><span class=\"elementor-widget-cmsmasters-toggles__trigger\"><span class=\"elementor-widget-cmsmasters-toggles__trigger-closed\"><svg aria-hidden=\"true\" aria-label=\"Closed\" class=\"e-font-icon-svg e-fas-plus\" viewBox=\"0 0 448 512\" xmlns=\"http:\/\/www.w3.org\/2000\/svg\"><path d=\"M416 208H272V64c0-17.67-14.33-32-32-32h-32c-17.67 0-32 14.33-32 32v144H32c-17.67 0-32 14.33-32 32v32c0 17.67 14.33 32 32 32h144v144c0 17.67 14.33 32 32 32h32c17.67 0 32-14.33 32-32V304h144c17.67 0 32-14.33 32-32v-32c0-17.67-14.33-32-32-32z\"><\/path><\/svg><\/span><span class=\"elementor-widget-cmsmasters-toggles__trigger-opened\"><svg aria-hidden=\"true\" aria-label=\"Opened\" class=\"e-font-icon-svg e-fas-minus\" viewBox=\"0 0 448 512\" xmlns=\"http:\/\/www.w3.org\/2000\/svg\"><path d=\"M416 208H32c-17.67 0-32 14.33-32 32v32c0 17.67 14.33 32 32 32h384c17.67 0 32-14.33 32-32v-32c0-17.67-14.33-32-32-32z\"><\/path><\/svg><\/span><\/span><\/h6><div id=\"elementor-widget-cmsmasters-toggles__content-4782\" class=\"elementor-widget-cmsmasters-toggles__content elementor-clearfix\" data-tab=\"2\"><p class=\"p1\">Skorzystaj z opcji przypomnienia has\u0142a przy logowaniu. Je\u015bli pojawi\u0105 si\u0119 trudno\u015bci, pomo\u017cemy mailowo.<\/p><\/div><\/div><\/div>\t\t\t\t<\/div>\n\t\t\t\t<div class=\"elementor-element elementor-element-6efa94e animated-fast cmsmasters-block-default cmsmasters-sticky-default elementor-invisible elementor-widget elementor-widget-heading\" data-id=\"6efa94e\" data-element_type=\"widget\" data-e-type=\"widget\" data-settings=\"{&quot;_animation&quot;:&quot;cmsmasters-pop-in&quot;}\" data-widget_type=\"heading.default\">\n\t\t\t\t\t<h3 class=\"elementor-heading-title elementor-size-default\">POZOSTA\u0141E<\/h3>\t\t\t\t<\/div>\n\t\t\t\t<div data-animation-type=\"block\" class=\"animation_type_block elementor-element elementor-element-f05e885 elementor-widget__width-initial cmsmasters-title-alignment-left cmsmasters-item-icon-position-left cmsmasters-trigger-icon-view-default animation_type_block cmsmasters-block-default cmsmasters-sticky-default elementor-invisible elementor-widget elementor-widget-cmsmasters-toggles cmsmasters-widget-toggles\" data-animation-stagger=\"\" data-separate-animation-selector=\".elementor-widget-cmsmasters-toggles__item\" data-text-animation-class=\"sequental, random\" data-id=\"f05e885\" data-element_type=\"widget\" data-e-type=\"widget\" data-settings=\"{&quot;toggles&quot;:[{&quot;toggle_title&quot;:&quot;Co je\\u015bli co\\u015b nie dzia\\u0142a albo plik jest uszkodzony?&quot;,&quot;toggle_content&quot;:&quot;&lt;p class=\\&quot;p1\\&quot;&gt;Napisz do nas na &lt;a href=\\&quot;mailto:hej@garinitka.pl\\&quot;&gt;&lt;span class=\\&quot;s1\\&quot;&gt;hej@garinitka.pl&lt;\\\/span&gt;&lt;\\\/a&gt;&lt;b&gt; &lt;\\\/b&gt;-&lt;b&gt; &lt;\\\/b&gt;sprawdzimy temat i zaproponujemy rozwi\\u0105zanie \\u2013 wymian\\u0119 pliku, poprawk\\u0119 albo inne wyj\\u015bcie z sytuacji.&lt;\\\/p&gt;&lt;p class=\\&quot;p1\\&quot;&gt;Na odpowied\\u017a masz od nas maksymalnie 14 dni, ale zwykle ogarniamy du\\u017co szybciej.&lt;\\\/p&gt;&quot;,&quot;_id&quot;:&quot;0d18de1&quot;,&quot;content_type&quot;:&quot;toggle-content&quot;,&quot;saved_section&quot;:null,&quot;item_icon&quot;:{&quot;value&quot;:&quot;&quot;,&quot;library&quot;:&quot;&quot;},&quot;toggle_custom_id&quot;:&quot;&quot;},{&quot;toggle_title&quot;:&quot;Produkty fizyczne \\u2013 wkr\\u00f3tce&quot;,&quot;toggle_content&quot;:&quot;&lt;p class=\\&quot;p1\\&quot;&gt;Planujemy w przysz\\u0142o\\u015bci rozszerzy\\u0107 sklep o rzeczy, kt\\u00f3re b\\u0119dzie mo\\u017cna normalnie zam\\u00f3wi\\u0107 do paczkomatu czy kurierem. Gdy wystartuj\\u0105 \\u2013 pojawi\\u0105 si\\u0119 tu informacje o rozmiarach, dostawach, zwrotach i wymianach.&lt;\\\/p&gt;&quot;,&quot;_id&quot;:&quot;331f4ba&quot;,&quot;content_type&quot;:&quot;toggle-content&quot;,&quot;saved_section&quot;:null,&quot;item_icon&quot;:{&quot;value&quot;:&quot;&quot;,&quot;library&quot;:&quot;&quot;},&quot;toggle_custom_id&quot;:&quot;&quot;}],&quot;_animation&quot;:&quot;cmsmasters-fade-in&quot;,&quot;_animation_delay&quot;:500,&quot;type&quot;:&quot;accordion&quot;}\" data-widget_type=\"cmsmasters-toggles.default\">\n\t\t\t\t\t<div class=\"elementor-widget-cmsmasters-toggles__list\"><div class=\"elementor-widget-cmsmasters-toggles__item\"><h6 id=\"elementor-tab-title-2521\" class=\"elementor-widget-cmsmasters-toggles__title\" data-tab=\"1\" aria-expanded=\"false\" aria-controls=\"elementor-widget-cmsmasters-toggles__content-2521\" tabindex=\"0\"><a class=\"elementor-widget-cmsmasters-toggles__title-link cmsmasters_enable_trigger_icon\" href=\"#\" tabindex=\"-1\"><span class=\"elementor-widget-cmsmasters-toggles__title-text\">Co je\u015bli co\u015b nie dzia\u0142a albo plik jest uszkodzony?<\/span><\/a><span class=\"elementor-widget-cmsmasters-toggles__trigger\"><span class=\"elementor-widget-cmsmasters-toggles__trigger-closed\"><svg aria-hidden=\"true\" aria-label=\"Closed\" class=\"e-font-icon-svg e-fas-plus\" viewBox=\"0 0 448 512\" xmlns=\"http:\/\/www.w3.org\/2000\/svg\"><path d=\"M416 208H272V64c0-17.67-14.33-32-32-32h-32c-17.67 0-32 14.33-32 32v144H32c-17.67 0-32 14.33-32 32v32c0 17.67 14.33 32 32 32h144v144c0 17.67 14.33 32 32 32h32c17.67 0 32-14.33 32-32V304h144c17.67 0 32-14.33 32-32v-32c0-17.67-14.33-32-32-32z\"><\/path><\/svg><\/span><span class=\"elementor-widget-cmsmasters-toggles__trigger-opened\"><svg aria-hidden=\"true\" aria-label=\"Opened\" class=\"e-font-icon-svg e-fas-minus\" viewBox=\"0 0 448 512\" xmlns=\"http:\/\/www.w3.org\/2000\/svg\"><path d=\"M416 208H32c-17.67 0-32 14.33-32 32v32c0 17.67 14.33 32 32 32h384c17.67 0 32-14.33 32-32v-32c0-17.67-14.33-32-32-32z\"><\/path><\/svg><\/span><\/span><\/h6><div id=\"elementor-widget-cmsmasters-toggles__content-2521\" class=\"elementor-widget-cmsmasters-toggles__content elementor-clearfix\" data-tab=\"1\"><p class=\"p1\">Napisz do nas na <a href=\"mailto:hej@garinitka.pl\"><span class=\"s1\">hej@garinitka.pl<\/span><\/a><b> <\/b>&#8211;<b> <\/b>sprawdzimy temat i zaproponujemy rozwi\u0105zanie \u2013 wymian\u0119 pliku, poprawk\u0119 albo inne wyj\u015bcie z sytuacji.<\/p><p class=\"p1\">Na odpowied\u017a masz od nas maksymalnie 14 dni, ale zwykle ogarniamy du\u017co szybciej.<\/p><\/div><\/div><div class=\"elementor-widget-cmsmasters-toggles__item\"><h6 id=\"elementor-tab-title-2522\" class=\"elementor-widget-cmsmasters-toggles__title\" data-tab=\"2\" aria-expanded=\"false\" aria-controls=\"elementor-widget-cmsmasters-toggles__content-2522\" tabindex=\"0\"><a class=\"elementor-widget-cmsmasters-toggles__title-link cmsmasters_enable_trigger_icon\" href=\"#\" tabindex=\"-1\"><span class=\"elementor-widget-cmsmasters-toggles__title-text\">Produkty fizyczne \u2013 wkr\u00f3tce<\/span><\/a><span class=\"elementor-widget-cmsmasters-toggles__trigger\"><span class=\"elementor-widget-cmsmasters-toggles__trigger-closed\"><svg aria-hidden=\"true\" aria-label=\"Closed\" class=\"e-font-icon-svg e-fas-plus\" viewBox=\"0 0 448 512\" xmlns=\"http:\/\/www.w3.org\/2000\/svg\"><path d=\"M416 208H272V64c0-17.67-14.33-32-32-32h-32c-17.67 0-32 14.33-32 32v144H32c-17.67 0-32 14.33-32 32v32c0 17.67 14.33 32 32 32h144v144c0 17.67 14.33 32 32 32h32c17.67 0 32-14.33 32-32V304h144c17.67 0 32-14.33 32-32v-32c0-17.67-14.33-32-32-32z\"><\/path><\/svg><\/span><span class=\"elementor-widget-cmsmasters-toggles__trigger-opened\"><svg aria-hidden=\"true\" aria-label=\"Opened\" class=\"e-font-icon-svg e-fas-minus\" viewBox=\"0 0 448 512\" xmlns=\"http:\/\/www.w3.org\/2000\/svg\"><path d=\"M416 208H32c-17.67 0-32 14.33-32 32v32c0 17.67 14.33 32 32 32h384c17.67 0 32-14.33 32-32v-32c0-17.67-14.33-32-32-32z\"><\/path><\/svg><\/span><\/span><\/h6><div id=\"elementor-widget-cmsmasters-toggles__content-2522\" class=\"elementor-widget-cmsmasters-toggles__content elementor-clearfix\" data-tab=\"2\"><p class=\"p1\">Planujemy w przysz\u0142o\u015bci rozszerzy\u0107 sklep o rzeczy, kt\u00f3re b\u0119dzie mo\u017cna normalnie zam\u00f3wi\u0107 do paczkomatu czy kurierem. Gdy wystartuj\u0105 \u2013 pojawi\u0105 si\u0119 tu informacje o rozmiarach, dostawach, zwrotach i wymianach.<\/p><\/div><\/div><\/div>\t\t\t\t<\/div>\n\t\t\t\t<\/div>\n\t\t\t\t<\/div>\n\t\t\t\t<\/div>\n\t\t","protected":false},"excerpt":{"rendered":"<p>P\u0142atno\u015bci Hej! &#x1f44b; Zebrali\u015bmy tutaj odpowiedzi na tematy, o kt\u00f3re pytacie najcz\u0119\u015bciej. Konkret, bez prawniczego be\u0142kotu \u2013 ale tak, \u017ceby wszystko by\u0142o jasne. Je\u015bli nie znajdziesz tu rozwi\u0105zania, napisz do nas: hej@garinitka.pl. Jak mog\u0119 zap\u0142aci\u0107? Dost\u0119pne metody p\u0142atno\u015bci zobaczysz w Garze (Koszyku) przy sk\u0142adaniu zam\u00f3wienia. Pieni\u0105dze pobrane, a zam\u00f3wienia nie widz\u0119. Spokojnie \u2013 czasem system&#8230;<\/p>","protected":false},"author":1,"featured_media":0,"parent":0,"menu_order":0,"comment_status":"closed","ping_status":"closed","template":"","meta":{"_acf_changed":false,"footnotes":""},"class_list":["post-52992","page","type-page","status-publish","hentry"],"acf":[],"jetpack_sharing_enabled":true,"_links":{"self":[{"href":"https:\/\/garinitka.pl\/en\/wp-json\/wp\/v2\/pages\/52992","targetHints":{"allow":["GET"]}}],"collection":[{"href":"https:\/\/garinitka.pl\/en\/wp-json\/wp\/v2\/pages"}],"about":[{"href":"https:\/\/garinitka.pl\/en\/wp-json\/wp\/v2\/types\/page"}],"author":[{"embeddable":true,"href":"https:\/\/garinitka.pl\/en\/wp-json\/wp\/v2\/users\/1"}],"replies":[{"embeddable":true,"href":"https:\/\/garinitka.pl\/en\/wp-json\/wp\/v2\/comments?post=52992"}],"version-history":[{"count":4,"href":"https:\/\/garinitka.pl\/en\/wp-json\/wp\/v2\/pages\/52992\/revisions"}],"predecessor-version":[{"id":52996,"href":"https:\/\/garinitka.pl\/en\/wp-json\/wp\/v2\/pages\/52992\/revisions\/52996"}],"wp:attachment":[{"href":"https:\/\/garinitka.pl\/en\/wp-json\/wp\/v2\/media?parent=52992"}],"curies":[{"name":"wp","href":"https:\/\/api.w.org\/{rel}","templated":true}]}}