{"id":52962,"date":"2026-02-01T16:41:25","date_gmt":"2026-02-01T16:41:25","guid":{"rendered":"https:\/\/garinitka.pl\/?page_id=52962"},"modified":"2026-03-09T14:32:47","modified_gmt":"2026-03-09T14:32:47","slug":"polityka-prywatnosci","status":"publish","type":"page","link":"https:\/\/garinitka.pl\/en\/polityka-prywatnosci\/","title":{"rendered":"Polityka Prywatno\u015bci"},"content":{"rendered":"<h3 class=\"wp-block-heading\">Podstawowe cele Polityki prywatno\u015bci\u00a0<\/h3>\n\n\n\n<p>Polityka prywatno\u015bci dotyczy przetwarzania i ochrony danych osobowych U\u017cytkownik\u00f3w w zwi\u0105zku z korzystaniem z serwisu <strong>garinitka.pl<\/strong> , zwanego dalej \u201eSerwisem\u201d administrowanego przez:<br>Piotr Pijewski \u2013 GAR I NITKA, NIP: 7262536596, REGON: 543200394, &nbsp;ul. Traktorowa 47\/95, 91-117 \u0141\u00f3d\u017a, zwanym dalej \u201eGAR I NITKA\u201d.<\/p>\n\n\n\n<p>Polityka prywatno\u015bci zawiera obowi\u0105zuj\u0105ce w Serwisie zasady zbierania i wykorzystywania danych o U\u017cytkownikach, przy sk\u0142adaniu przez U\u017cytkownik\u00f3w zam\u00f3wie\u0144 na oferowane przez \u201eGAR I NITKA\u201d towary i us\u0142ugi.<\/p>\n\n\n\n<p>Naszym nadrz\u0119dnym celem jest zapewnienie U\u017cytkownikom strony internetowej ochrony prywatno\u015bci na poziomie co najmniej odpowiadaj\u0105cym standardom okre\u015blonym w obowi\u0105zuj\u0105cych przepisach prawnych, w szczeg\u00f3lno\u015bci w rozporz\u0105dzeniu Parlamentu Europejskiego i Rady (UE) 2016\/679 z 27 kwietnia 2016r. w sprawie ochrony os\u00f3b fizycznych w zwi\u0105zku z przetwarzaniem danych osobowych i w sprawie swobodnego przep\u0142ywu takich danych oraz uchylenia dyrektywy 95\/46\/WE (og\u00f3lne rozporz\u0105dzenie o ochronie danych) \u2013 RODO (Dz. Urz. UE L 119, s.1) oraz w ustawie z dnia 12 lipca 2024 r. \u2013 Prawo komunikacji elektronicznej (Dz. U. poz. 1221).<\/p>\n\n\n\n<p>Informujemy, \u017ce w ramach Serwisu mog\u0105 zosta\u0107 zamieszczone linki umo\u017cliwiaj\u0105ce jego U\u017cytkownikom bezpo\u015brednie dotarcie do innych stron internetowych i serwis\u00f3w spo\u0142eczno\u015bciowych. \u201eGAR I NITKA\u201d nie ma wp\u0142ywu na prowadzon\u0105 przez innych administrator\u00f3w Polityk\u0119 prywatno\u015bci oraz wykorzystywane pliki cookies. Zalecamy, aby przed skorzystaniem z zasob\u00f3w oferowanych przez innych dostawc\u00f3w np. dostawc\u00f3w us\u0142ug p\u0142atniczych (WooPayments, Przelewy24 (PayPro S.A.), PayPal, Apple Pay, Google Pay), ka\u017cdy U\u017cytkownik zapozna\u0142 si\u0119 z dokumentem dotycz\u0105cym stosowanej przez nich Polityki prywatno\u015bci oraz wykorzystywania plik\u00f3w cookies.<\/p>\n\n\n\n<h3 class=\"wp-block-heading\">Administrator danych osobowych<\/h3>\n\n\n\n<p>Administratorem danych osobowych u\u017cytkownik\u00f3w Serwisu jest:<\/p>\n\n\n\n<p>Piotr Pijewski \u2013 GAR I NITKA<br>NIP: 7262536596<br>REGON: 543200394<br>Adres: ul. Traktorowa 47\/95, 91-117 \u0141\u00f3d\u017a<br>E-mail kontaktowy:&nbsp;<a href=\"mailto:hej@garinitka.pl\">hej@garinitka.pl<\/a><\/p>\n\n\n\n<p>W sprawach zwi\u0105zanych z ochron\u0105 danych osobowych, U\u017cytkownik mo\u017ce kontaktowa\u0107 si\u0119 bezpo\u015brednio z Administratorem danych osobowych.<\/p>\n\n\n\n<h3 class=\"wp-block-heading\">Zasady zbierania danych osobowych i informacji<\/h3>\n\n\n\n<ol start=\"1\" class=\"wp-block-list\">\n<li>W czasie przegl\u0105dania zawarto\u015bci Serwisu przez U\u017cytkownik\u00f3w, automatycznie zbierane s\u0105 informacje dotycz\u0105ce korzystania z Serwisu przez U\u017cytkownik\u00f3w oraz ich adresy IP w oparciu o analiz\u0119 log\u00f3w dost\u0119powych, np. typ przegl\u0105darki, typ systemu operacyjnego, data i czas odwiedzin, liczba po\u0142\u0105cze\u0144, liczba otwieranych podstron Serwisu, przegl\u0105dane tre\u015bci.<\/li>\n\n\n\n<li>Samo przegl\u0105danie zawarto\u015bci Serwisu nie wymaga podawania przez U\u017cytkownika jego danych osobowych.<\/li>\n\n\n\n<li>Korzystanie z niekt\u00f3rych funkcjonalno\u015bci Serwisu mo\u017ce zosta\u0107 poprzedzone procesem rejestracji, z kt\u00f3rym mo\u017ce wi\u0105za\u0107 si\u0119 podanie przez U\u017cytkownika jego danych osobowych. W takim przypadku niepodania przez U\u017cytkownika danych osobowych mo\u017ce ograniczy\u0107 mu korzystanie z niekt\u00f3rych funkcjonalno\u015bci Serwisu.<\/li>\n\n\n\n<li>W ramach Serwisu zamieszczone s\u0105 formularz kontaktowy oraz formularz zam\u00f3wienia na oferowane przez \u201eGAR&nbsp; I NITK\u0118\u201d towary i us\u0142ugi. Wype\u0142nienie formularzy wi\u0105\u017ce si\u0119 z podaniem przez U\u017cytkownika okre\u015blonych danych osobowych.<\/li>\n<\/ol>\n\n\n\n<h3 class=\"wp-block-heading\">Zakres gromadzonych danych i informacji oraz spos\u00f3b ich wykorzystywania<\/h3>\n\n\n\n<ol start=\"1\" class=\"wp-block-list\">\n<li>U\u017cytkownik Serwisu mo\u017ce zosta\u0107 poproszony o podanie nast\u0119puj\u0105cych danych osobowych: imi\u0119 i nazwisko, adres e-mail, numer telefonu, adres korespondencyjny \/ adres dostawy, dane do faktury, dane konta u\u017cytkownika (login), adres IP, dane zawarte w formularzu kontaktowym, dane dotycz\u0105ce zam\u00f3wie\u0144 i historii zakup\u00f3w, dane statystyczne i analityczne (cookies).Dane osobowe, kt\u00f3rych podanie przez U\u017cytkownika jest niezb\u0119dne do korzystania z poszczeg\u00f3lnych funkcjonalno\u015bci Serwisu s\u0105 ka\u017cdorazowo oznaczone i wyr\u00f3\u017cnione od danych, kt\u00f3rych podanie zale\u017cy od uznania U\u017cytkownika.<\/li>\n\n\n\n<li>Dane osobowe gromadzone podczas procesu rejestracji s\u0105 wykorzystywane do umo\u017cliwienia U\u017cytkownikowi zalogowania si\u0119 do Serwisu w celu skorzystania z funkcjonalno\u015bci, do kt\u00f3rych dost\u0119p poprzedzony jest procesem rejestracji oraz do realizacji zobowi\u0105za\u0144 \u201eGAR I NITKI\u201d wobec U\u017cytkownika.<\/li>\n\n\n\n<li>Dane osobowe zamieszczone przez U\u017cytkownika w formularzu kontaktowym s\u0105 wykorzystywane w celu udzielenia odpowiedzi na zapytanie z\u0142o\u017cone przez U\u017cytkownika Serwisu.<\/li>\n\n\n\n<li>W przypadku, gdy U\u017cytkownik Serwisu z\u0142o\u017cy\u0142 zam\u00f3wienie na us\u0142ug\u0119 \u015bwiadczon\u0105 drog\u0105 elektroniczn\u0105, kt\u00f3rej przedmiotem jest bezp\u0142atne dostarczanie newsletter\u00f3w lub w inny spos\u00f3b wyrazi\u0142 zgod\u0119 na ich otrzymywanie, uzyskany adres poczty elektronicznej (adres e-mail) jest dodawany do listy e-mailingowej i jest wykorzystywany w celu wys\u0142ania U\u017cytkownikowi newslettera.<\/li>\n\n\n\n<li>W przypadku dokonania rejestracji oraz z\u0142o\u017cenia zam\u00f3wienia w sklepie internetowym prowadzonym przez \u201eGAR I NITK\u0118\u201d zebrane w ten spos\u00f3b dane osobowe s\u0142u\u017c\u0105 do za\u0142o\u017cenia Konta Klienta, obs\u0142ugi i realizacji zam\u00f3wie\u0144.&nbsp;<\/li>\n\n\n\n<li>Zebrane dane s\u0142u\u017c\u0105 tak\u017ce do ustalania profilu U\u017cytkownika i pozwalaj\u0105 na dostosowanie zawarto\u015bci Serwisu oraz newsletter\u00f3w do jego potrzeb. Przetwarzanie wskazanych danych zawsze odbywa si\u0119 zgodnie z ustaw\u0105 z dnia 18 lipca 2002 r. o \u015bwiadczeniu us\u0142ug drog\u0105 elektroniczn\u0105 oraz zgodnie z ustawi\u0105 z dnia&nbsp;zgodnie z Rozporz\u0105dzeniem Parlamentu Europejskiego i Rady (UE) 2016\/679 z dnia 27 kwietnia 2016 r. w sprawie ochrony os\u00f3b fizycznych w zwi\u0105zku z przetwarzaniem danych osobowych i w sprawie swobodnego przep\u0142ywu takich danych oraz uchylenia dyrektywy 95\/46\/WE (og\u00f3lne rozporz\u0105dzenie o ochronie danych &#8211; RODO).<\/li>\n\n\n\n<li>Informacje zbierane automatycznie wykorzystywane s\u0105 do zarz\u0105dzania Serwisem, stwierdzania ewentualnych zagro\u017ce\u0144 bezpiecze\u0144stwa, badania ruchu U\u017cytkownik\u00f3w w ramach Serwisu oraz w celach statystycznych, w tym z wykorzystaniem narz\u0119dzia Google Analytics, np. o regionie, z kt\u00f3rego nast\u0105pi\u0142o po\u0142\u0105czenie, numerze IP, dacie i czasie po\u0142\u0105czenia, \u017ar\u00f3dle i liczbie po\u0142\u0105cze\u0144, liczbie otwieranych podstron Serwisu lub do personalizacji zawarto\u015bci podstron Serwisu. Informacje te nie s\u0105 w \u017caden spos\u00f3b \u0142\u0105czone z danymi osobowymi U\u017cytkownika Serwisu i nie s\u0105 wykorzystywane do okre\u015blenia to\u017csamo\u015bci U\u017cytkownika. Zakres informacji zbieranych automatycznie zale\u017cy od ustawie\u0144 przegl\u0105darki internetowej U\u017cytkownika. U\u017cytkownik powinien sprawdzi\u0107 ustawienia swojej przegl\u0105darki, aby dowiedzie\u0107 si\u0119 jakie informacje s\u0105 udost\u0119pniane przez przegl\u0105dark\u0119 automatycznie lub w celu dokonania zmiany tych ustawie\u0144. W tym celu zalecamy zapoznanie si\u0119 z tre\u015bci\u0105 \u201ePomocy\u201d przegl\u0105darki internetowej. Wykorzystywanie Google Analytics oznacza, \u017ce mo\u017ce dochodzi\u0107 do przetwarzania danych osobowych poza Europejskim Obszarem Gospodarczym (EOG). Dzia\u0142anie Google Analytics mo\u017cesz zablokowa\u0107. W tym celu zainstaluj ten dodatek do przegl\u0105darki udost\u0119pniany przez firm\u0119 Google Inc. dost\u0119pny tutaj: <a href=\"https:\/\/tools.google.com\/dlpage\/gaoptout?hl=pl\">https:\/\/tools.google.com\/dlpage\/gaoptout?hl=pl<\/a>\u00a0 . Zapisy do newslettera realizowane s\u0105 z wykorzystaniem systemu MailerLite i odbywaj\u0105 si\u0119 w modelu double opt-in.<\/li>\n<\/ol>\n\n\n\n<ol start=\"8\" class=\"wp-block-list\">\n<li>Informujemy, \u017ce na podstawie obowi\u0105zuj\u0105cych przepis\u00f3w prawa mo\u017cemy zosta\u0107 zobowi\u0105zani przez upowa\u017cnione do tego organy pa\u0144stwa do ujawnienia danych, w tym adresu IP U\u017cytkownika Serwisu.<\/li>\n<\/ol>\n\n\n\n<h3 class=\"wp-block-heading\">Zasady przetwarzania danych osobowych<\/h3>\n\n\n\n<ol start=\"1\" class=\"wp-block-list\">\n<li>Podanie danych osobowych przez U\u017cytkownik\u00f3w Serwisu jest dobrowolne. &nbsp;Dane osobowe u\u017cytkownik\u00f3w Serwisu przetwarzane b\u0119d\u0105 na potrzeby zwi\u0105zane z rejestracj\u0105 w Sklepie, oraz w przypadku udzielenia stosownej zgody, do marketingu naszych produkt\u00f3w i us\u0142ug oraz korzystania z us\u0142ugi Newsletter. W przypadku zakupu towar\u00f3w, dane osobowe przetwarzane b\u0119d\u0105 w celu prawid\u0142owej realizacji umowy kupna-sprzeda\u017cy naszych produkt\u00f3w oraz ich wysy\u0142ki. Niepodanie danych osobowych niezb\u0119dnych do zawarcia Umowy kupna \u2013 sprzeda\u017cy uniemo\u017cliwia jej zawarcie.<\/li>\n\n\n\n<li>Podstaw\u0105 prawn\u0105 przetwarzania danych osobowych w zakresie rejestracji u\u017cytkownika w Serwisie, marketingu produkt\u00f3w i us\u0142ug oraz udzia\u0142u w us\u0142udze Newsletter jest udzielona zgoda (art. 6 ust. 1 lit. a RODO), na potrzeby obs\u0142ugi formularza kontaktowego i prowadzenia korespondencji&nbsp; &#8211; prawnie uzasadniony interes administratora (art. 6 ust. 1 lit. f RODO), w celach statystycznych i analitycznych mo\u017ce by\u0107 udzielona zgoda lub prawnie uzasadniony interes administratora polegaj\u0105cy na jak najlepszym dostosowywaniu funkcjonalno\u015bci Serwisu do oczekiwa\u0144 klient\u00f3w (art. 6 ust. 1 lit. a lub f RODO)w przypadku zakupu towar\u00f3w i us\u0142ug przetwarzanie danych jest konieczne w celu realizacji umowy (art. 6 ust. 1 lit. b RODO), natomiast realizacja obowi\u0105zk\u00f3w ksi\u0119gowych i podatkowych odbywa si\u0119 na podstawie przepis\u00f3w prawa (art. 6 ust. 1 lit. c RODO),<\/li>\n\n\n\n<li>Dane subskrybent\u00f3w b\u0119d\u0105 przechowywane do momentu: cofni\u0119cia zgody, wypisania si\u0119 z newslettera, usuni\u0119cia subskrybenta z systemu mailingowego. Dane u\u017cytkownik\u00f3w konta \u2013 do momentu usuni\u0119cia konta. Dane z formularz kontaktowych \u2013 12 miesi\u0119cy od zako\u0144czenia prowadzenia korespondencji. Dane analityczne \u2013 zgodnie z ustawieniami Google Analytics 26 miesi\u0119cy.W przypadku z\u0142o\u017cenia zam\u00f3wienia &#8211; dane osobowe b\u0119d\u0105 przechowywane maksymalnie do 5 lat od jego zrealizowania. W przypadku tocz\u0105cych si\u0119 post\u0119powa\u0144 s\u0105dowych \u2013 do czasu ich zako\u0144czenia lub przedawnienia roszcze\u0144.<\/li>\n\n\n\n<li>Dane osobowe przekazywa\u0107 b\u0119dziemy do firm obs\u0142uguj\u0105cych nas w zakresie teleinformatycznym, prawnym oraz realizuj\u0105cym dla nas dzia\u0142ania marketingowe, jak r\u00f3wnie\u017c realizuj\u0105cych dostaw\u0119 towaru na podstawie stosownych um\u00f3w. Nie b\u0119dziemy przekazywa\u0107 danych osobowych Klient\u00f3w do pa\u0144stw trzecich.<\/li>\n<\/ol>\n\n\n\n<h3 class=\"wp-block-heading\">Uprawnienia U\u017cytkownik\u00f3w<\/h3>\n\n\n\n<ol start=\"1\" class=\"wp-block-list\">\n<li>U\u017cytkownik ma prawo \u017c\u0105da\u0107 od nas dost\u0119pu do swoich danych, ich sprostowania (poprawiania), przenoszenia i usuni\u0119cia, a tak\u017ce prawo do ograniczenia przetwarzania danych.<\/li>\n\n\n\n<li>W zwi\u0105zku z przetwarzaniem przez nas danych osobowych, U\u017cytkownikowi przys\u0142uguje oraz prawo wniesienia skargi do Prezesa Urz\u0119du Ochrony Danych Osobowych na wskazany na stronie: <a href=\"https:\/\/uodo.gov.pl\/pl\/p\/kontakt\">Kontakt &#8211; UODO<\/a> spos\u00f3b kontaktu.<\/li>\n\n\n\n<li>W oparciu o dane osobowe U\u017cytkownik\u00f3w, nie b\u0119dziemy podejmowa\u0107 zautomatyzowanych decyzji, w tym decyzji b\u0119d\u0105cych wynikiem profilowania<\/li>\n\n\n\n<li>U\u017cytkownik ma prawo w ka\u017cdej chwili cofn\u0105\u0107 zgod\u0119 na przetwarzanie danych osobowych, kt\u00f3re s\u0105 przetwarzane na podstawie wyra\u017conej zgody. Cofni\u0119cie zgody nie b\u0119dzie wp\u0142ywa\u0107 na zgodno\u015b\u0107 z prawem przetwarzania, kt\u00f3rego dokonano na podstawie wyra\u017conej zgody przed jej wycofaniem.<\/li>\n<\/ol>\n\n\n\n<h3 class=\"wp-block-heading\">Pliki cookies<\/h3>\n\n\n\n<ol start=\"1\" class=\"wp-block-list\">\n<li>W Serwisie wykorzystujemy pliki typu cookies, czyli ma\u0142e pliki tekstowo-numeryczne, kt\u00f3re s\u0105 zapisywane przez system teleinformatyczny w systemie teleinformatycznym U\u017cytkownika (na komputerze, telefonie lub innym urz\u0105dzeniu U\u017cytkownika, z kt\u00f3rego dokonano po\u0142\u0105czenia z Serwisem) podczas przegl\u0105dania Serwisu i pozwalaj\u0105 na p\u00f3\u017aniejsz\u0105 identyfikacj\u0119 U\u017cytkownika w przypadku ponownego po\u0142\u0105czenia z Serwisem z urz\u0105dzenia (np. komputera, telefonu), na kt\u00f3rym zosta\u0142y zapisane.<\/li>\n\n\n\n<li>Pliki cookies zbieraj\u0105 dane dotycz\u0105ce korzystania z Serwisu przez U\u017cytkownika, a ich g\u0142\u00f3wnym celem jest u\u0142atwienie U\u017cytkownikowi korzystania z Serwisu, dostosowywanie Serwisu do potrzeb i oczekiwa\u0144 danego U\u017cytkownika (personalizacja podstron Serwisu), badanie ruchu U\u017cytkownik\u00f3w w ramach Serwisu.<\/li>\n\n\n\n<li>W Serwisie wykorzystujemy nast\u0119puj\u0105ce pliki cookies:<\/li>\n\n\n\n<li>Cookies niezb\u0119dne (techniczne) &#8211; s\u0105 konieczne do prawid\u0142owego funkcjonowania serwisu i nie wymagaj\u0105 zgody u\u017cytkownika.Umo\u017cliwiaj\u0105 m.in.: logowanie do konta u\u017cytkownika, obs\u0142ug\u0119 koszyka WooCommerce, realizacj\u0119 procesu zam\u00f3wienia, zapewnienie bezpiecze\u0144stwa serwisu.<\/li>\n\n\n\n<li>Cookies analityczne &#8211; S\u0142u\u017c\u0105 do zbierania anonimowych danych statystycznych dotycz\u0105cych sposobu korzystania z serwisu, takich jak liczba odwiedzin, \u017ar\u00f3d\u0142a ruchu czy zachowanie u\u017cytkownik\u00f3w na stronie. Serwis korzysta z: Google Analytics (za po\u015brednictwem Google Tag Manager). Cookies analityczne &#8211; s\u0105 uruchamiane wy\u0142\u0105cznie po wyra\u017ceniu zgody przez u\u017cytkownika.<\/li>\n\n\n\n<li>Cookies marketingowe &#8211; s\u0142u\u017c\u0105 do prowadzenia dzia\u0142a\u0144 marketingowych i remarketingowych, w szczeg\u00f3lno\u015bci do dopasowania tre\u015bci reklamowych do zainteresowa\u0144 u\u017cytkownika. Serwis mo\u017ce wykorzystywa\u0107: Facebook Pixel (Meta Platforms) \u2013 po uzyskaniu zgody u\u017cytkownika.<\/li>\n\n\n\n<li>U\u017cytkownik ma mo\u017cliwo\u015b\u0107 zarz\u0105dzania cookies. U\u017cytkownik mo\u017ce wyrazi\u0107 lub cofn\u0105\u0107 zgody na pliki cookies za pomoc\u0105 banera cookies, dokona\u0107 zmiany ustawie\u0144 cookies w swojej przegl\u0105darce internetowej, usun\u0105\u0107 zapisane pliki cookies z urz\u0105dzenia ko\u0144cowego.<\/li>\n\n\n\n<li>Nale\u017cy pami\u0119ta\u0107, \u017ce ograniczenie stosowania cookies mo\u017ce wp\u0142yn\u0105\u0107 na niekt\u00f3re funkcjonalno\u015bci serwisu. W takim przypadku mo\u017ce si\u0119 jednak zdarzy\u0107, \u017ce korzystanie z Serwisu b\u0119dzie mniej wydajne, U\u017cytkownik nie b\u0119dzie mia\u0142 dost\u0119pu do niekt\u00f3rych tre\u015bci, nie b\u0119dzie m\u00f3g\u0142 skorzysta\u0107 z niekt\u00f3rych funkcjonalno\u015bci Serwisu, a w skrajnych przypadkach mo\u017ce zosta\u0107 ca\u0142kowicie zablokowane poprawne wy\u015bwietlanie stron Serwisu.<\/li>\n\n\n\n<li>Poni\u017cej przedstawiamy informacje jak wy\u0142\u0105czy\u0107 oraz w\u0142\u0105czy\u0107 pliki cookies w najcz\u0119\u015bciej u\u017cywanych przegl\u0105darkach internetowych:<\/li>\n<\/ol>\n\n\n\n<figure class=\"wp-block-table\"><table class=\"has-fixed-layout\"><tbody><tr><td>INTERNET EXPLORER<\/td><td>W wyszukiwarce Internet Explorer klikn\u0105\u0107 : &#8222;Narz\u0119dzia&#8221; &#8222;Opcje internetowe&#8221; &#8222;Blokuj wszystkie cookies&#8221;<\/td><td><a href=\"http:\/\/windows.microsoft.com\/pl-pl\/windows-vista\/block-or-allow-cookies\" target=\"_blank\" rel=\"noreferrer noopener\">Wi\u0119cej informacji &#8211; Internet Explorer<\/a><\/td><\/tr><tr><td>GOOGLE CHROME<\/td><td>W wyszukiwarce Google Chrome klikn\u0105\u0107 : &#8222;Menu Chrome&#8221; w prawym g\u00f3rnym rogu &#8222;Ustawienia&#8221; &#8222;Poka\u017c ustawienia zaawansowane&#8221; &#8222;Ustawienia tre\u015bci&#8221; w sekcji prywatno\u015b\u0107 &#8222;Zablokuj pliki cookie i dane z witryn innych firm&#8221;<\/td><td><a href=\"http:\/\/support.google.com\/chrome\/bin\/answer.py?hl=pl&amp;hlrm=en&amp;answer=95647\" target=\"_blank\" rel=\"noreferrer noopener\">Wi\u0119cej informacji &#8211; Chrome<\/a><\/td><\/tr><tr><td>FIREFOX<\/td><td>W wyszukiwarce Firefox klikn\u0105\u0107 : &#8222;Narz\u0119dzia&#8221; &#8222;Opcje&#8221; &#8222;Prywatno\u015b\u0107&#8221; Z listy Program Firefox &#8222;B\u0119dzie u\u017cywa\u0142 ustawie\u0144 u\u017cytkownika&#8221; Wybra\u0107 odpowiedni\u0105 opcj\u0119<\/td><td><a href=\"http:\/\/support.mozilla.org\/pl\/kb\/ciasteczka\" target=\"_blank\" rel=\"noreferrer noopener\">Wi\u0119cej informacji &#8211; Firefox<\/a><\/td><\/tr><tr><td>OPERA<\/td><td>W wyszukiwarce Opera klikn\u0105\u0107: &#8222;Ustawienia&#8221; &#8222;Preferencje&#8221; &#8222;Zaawansowane&#8221; &#8222;Ciasteczka&#8221; Wybra\u0107 odpowiedni\u0105 opcj\u0119<\/td><td><a href=\"http:\/\/help.opera.com\/Windows\/12.10\/pl\/cookies.html\" target=\"_blank\" rel=\"noreferrer noopener\">Wi\u0119cej informacji &#8211; Opera<\/a><\/td><\/tr><tr><td>SAFARI<\/td><td>W wyszukiwarce Safari klikn\u0105\u0107: &#8222;Ustawienia&#8221; w prawym g\u00f3rnym rogu &#8222;Preferencje&#8221; &#8222;Prywatno\u015b\u0107&#8221; Wybra\u0107 odpowiedni\u0105 opcj\u0119<\/td><td><a href=\"http:\/\/support.apple.com\/kb\/ph5042\" target=\"_blank\" rel=\"noreferrer noopener\">Wi\u0119cej informacji &#8211; Safari<\/a><\/td><\/tr><tr><td>TELEFONY KOM\u00d3RKOWE<\/td><td>Telefony kom\u00f3rkowe &#8211; otw\u00f3rz Internet, wybierz &#8222;Ustawienia&#8221;, &#8222;Prywatno\u015b\u0107&#8221; i przejd\u017a do ustawie\u0144 cookies.<\/td><td>&nbsp;<\/td><\/tr><\/tbody><\/table><\/figure>\n\n\n\n<p>Serwis korzysta z cookies pochodz\u0105cych od podmiot\u00f3w trzecich, takich jak: Google LLC, Meta Platforms Inc.,operatorzy p\u0142atno\u015bci. Podmioty te przetwarzaj\u0105 dane zgodnie z w\u0142asnymi politykami prywatno\u015bci.<\/p>\n\n\n\n<h3 class=\"wp-block-heading\">Zabezpieczenie danych osobowych<\/h3>\n\n\n\n<p>Serwis jest zabezpieczony w \u015brodki bezpiecze\u0144stwa maj\u0105ce na celu ochron\u0119 danych osobowych przetwarzanych przez \u201eGAR I NITKA\u201d przed ich modyfikacj\u0105, zniszczeniem, nieuprawnionym dost\u0119pem i ujawnieniem lub pozyskaniem oraz ich utrat\u0105, a tak\u017ce przetwarzaniem z naruszeniem przepis\u00f3w okre\u015blaj\u0105cych zasady post\u0119powania przy przetwarzaniu danych osobowych.<br>Dost\u0119p do przetwarzania danych osobowych U\u017cytkownik\u00f3w maj\u0105 wy\u0142\u0105cznie osoby upowa\u017cnione.<\/p>\n\n\n\n<h3 class=\"wp-block-heading\">Kontakt<\/h3>\n\n\n\n<p>Wszelkie pytania zwi\u0105zane z przetwarzaniem i ochron\u0105 danych osobowych U\u017cytkownik\u00f3w Systemu oraz wykorzystywaniem plik\u00f3w cookies, w tym dotycz\u0105ce niniejszej &#8222;Polityki prywatno\u015bci i plik\u00f3w cookies&#8221; prosimy kierowa\u0107 na w\/w adres Administratora danych osobowych.<\/p>\n\n\n\n<h3 class=\"wp-block-heading\">Profilowanie<\/h3>\n\n\n\n<p><strong><br><\/strong>Dzi\u0119ki wykorzystaniu rozwi\u0105za\u0144 i technologii takich jak pliki cookies oraz przetwarzaniu Twoich danych i zachowania w Internecie przez \u201eGAR I NITKA\u201d, mo\u017cemy zadba\u0107 by wy\u015bwietlane Ci tre\u015bci lepiej odpowiada\u0142y Twoim potrzebom. Wyra\u017caj\u0105c zgod\u0119 na przetwarzanie danych w obszarze profilowania, analiz rynkowych i statystycznych \u0142atwiej b\u0119dzie Ci znale\u017a\u0107 to czego szukasz i potrzebujesz. Te tre\u015bci mog\u0105 istotnie wp\u0142ywa\u0107 na Twoje decyzje zakupowe \u2013 dlatego propozycja jest przeznaczona dla os\u00f3b maj\u0105cych uko\u0144czone 18 lat. Administrator danych osobowych zastrzega sobie prawo do zmiany niniejszej Polityki Cookies. Aktualna wersja dokumentu jest zawsze dost\u0119pna na stronie serwisu.<\/p>","protected":false},"excerpt":{"rendered":"<p>Podstawowe cele Polityki prywatno\u015bci\u00a0 Polityka prywatno\u015bci dotyczy przetwarzania i ochrony danych osobowych U\u017cytkownik\u00f3w w zwi\u0105zku z korzystaniem z serwisu garinitka.pl , zwanego dalej \u201eSerwisem\u201d administrowanego przez:Piotr Pijewski \u2013 GAR I NITKA, NIP: 7262536596, REGON: 543200394, &nbsp;ul. Traktorowa 47\/95, 91-117 \u0141\u00f3d\u017a, zwanym dalej \u201eGAR I NITKA\u201d. Polityka prywatno\u015bci zawiera obowi\u0105zuj\u0105ce w Serwisie zasady zbierania i wykorzystywania&#8230;<\/p>","protected":false},"author":1,"featured_media":0,"parent":0,"menu_order":0,"comment_status":"closed","ping_status":"closed","template":"","meta":{"_acf_changed":false,"footnotes":""},"class_list":["post-52962","page","type-page","status-publish","hentry"],"acf":[],"jetpack_sharing_enabled":true,"_links":{"self":[{"href":"https:\/\/garinitka.pl\/en\/wp-json\/wp\/v2\/pages\/52962","targetHints":{"allow":["GET"]}}],"collection":[{"href":"https:\/\/garinitka.pl\/en\/wp-json\/wp\/v2\/pages"}],"about":[{"href":"https:\/\/garinitka.pl\/en\/wp-json\/wp\/v2\/types\/page"}],"author":[{"embeddable":true,"href":"https:\/\/garinitka.pl\/en\/wp-json\/wp\/v2\/users\/1"}],"replies":[{"embeddable":true,"href":"https:\/\/garinitka.pl\/en\/wp-json\/wp\/v2\/comments?post=52962"}],"version-history":[{"count":4,"href":"https:\/\/garinitka.pl\/en\/wp-json\/wp\/v2\/pages\/52962\/revisions"}],"predecessor-version":[{"id":53042,"href":"https:\/\/garinitka.pl\/en\/wp-json\/wp\/v2\/pages\/52962\/revisions\/53042"}],"wp:attachment":[{"href":"https:\/\/garinitka.pl\/en\/wp-json\/wp\/v2\/media?parent=52962"}],"curies":[{"name":"wp","href":"https:\/\/api.w.org\/{rel}","templated":true}]}}