{"id":50749,"date":"2025-07-12T20:36:58","date_gmt":"2025-07-12T20:36:58","guid":{"rendered":"https:\/\/theme-dev.cmsmasters.net\/act-now\/?page_id=50749"},"modified":"2026-03-18T09:53:40","modified_gmt":"2026-03-18T09:53:40","slug":"moje-konto","status":"publish","type":"page","link":"https:\/\/garinitka.pl\/en\/moje-konto\/","title":{"rendered":"Moje konto"},"content":{"rendered":"<div data-elementor-type=\"wp-page\" data-elementor-id=\"50749\" class=\"elementor elementor-50749\">\n\t\t\t\t<div class=\"elementor-element elementor-element-e428d0c e-con-full e-flex cmsmasters-block-default e-con e-parent\" data-id=\"e428d0c\" data-element_type=\"container\" data-e-type=\"container\">\n\t\t<div class=\"elementor-element elementor-element-27a9af2 e-flex e-con-boxed cmsmasters-block-default e-con e-child\" data-id=\"27a9af2\" data-element_type=\"container\" data-e-type=\"container\" data-settings=\"{&quot;background_background&quot;:&quot;classic&quot;}\">\n\t\t\t\t\t<div class=\"e-con-inner\">\n\t\t\t\t<div class=\"elementor-element elementor-element-af2e06d cmsmasters-breadcrumbs-alignment-center cmsmasters-separator-type-text cmsmasters-block-default cmsmasters-sticky-default elementor-invisible elementor-widget elementor-widget-cmsmasters-breadcrumbs cmsmasters-widget-breadcrumbs\" data-id=\"af2e06d\" data-element_type=\"widget\" data-e-type=\"widget\" data-settings=\"{&quot;_animation&quot;:&quot;cmsmasters-fade-in&quot;,&quot;_animation_delay&quot;:300}\" data-widget_type=\"cmsmasters-breadcrumbs.default\">\n\t\t\t\t\t<div class=\"cmsmasters-widget-breadcrumbs__container\"><div class=\"cmsmasters-widget-breadcrumbs__content\"><a href=\"https:\/\/garinitka.pl\/en\/\" class=\"cmsmasters-home\">Strona g\u0142\u00f3wna<\/a><span class=\"cmsmasters-widget-breadcrumbs__sep\"><span>|<\/span><\/span><span>No breadcrumbs<\/span><\/div><\/div>\t\t\t\t<\/div>\n\t\t\t\t<div data-animation-type=\"block\" class=\"animation_type_block elementor-element elementor-element-3a19bd6 animated-fast cmsmasters-line-clamp-no cmsmasters-color-variation-default cmsmasters-pointer-none animation_type_block cmsmasters-block-default cmsmasters-sticky-default elementor-invisible elementor-widget elementor-widget-cmsmasters-page-title cmsmasters-widget-title\" data-animation-stagger=\"\" data-separate-animation-selector=\".cmsmasters-widget-title__heading\" data-text-animation-class=\"sequental, random, line, word, char\" data-id=\"3a19bd6\" data-element_type=\"widget\" data-e-type=\"widget\" data-settings=\"{&quot;_animation&quot;:&quot;cmsmasters-pop-in&quot;}\" data-widget_type=\"cmsmasters-page-title.default\">\n\t\t\t\t\t<h1 class=\"entry-title cmsmasters-widget-title__heading\">Archives<\/h1>\t\t\t\t<\/div>\n\t\t\t\t\t<\/div>\n\t\t\t\t<\/div>\n\t\t\t\t<\/div>\n\t\t<div class=\"elementor-element elementor-element-898d788 e-flex e-con-boxed cmsmasters-block-default e-con e-parent\" data-id=\"898d788\" data-element_type=\"container\" data-e-type=\"container\">\n\t\t\t\t\t<div class=\"e-con-inner\">\n\t\t\t\t\t<\/div>\n\t\t\t\t<\/div>\n\t\t\t\t<\/div>","protected":false},"excerpt":{"rendered":"<p>Strona g\u0142\u00f3wna|No breadcrumbs Podsumowanie Zam\u00f3wienia Pobrania Adresy Metody p\u0142atno\u015bci Szczeg\u00f3\u0142y konta Wyloguj si\u0119 Witaj Piotr Pijewski (nie jeste\u015b Piotr Pijewski? Wyloguj si\u0119) W ustawieniach swojego konta mo\u017cesz przejrze\u0107 swoje ostatnie zam\u00f3wienia, zarz\u0105dza\u0107 adresami p\u0142atno\u015bci i dostawy oraz zmienia\u0107 has\u0142o i szczeg\u00f3\u0142y konta. Zam\u00f3wienie Data Status \u0141\u0105cznie Dzia\u0142ania nr53044 9 marca, 2026 Zrealizowane 0,00&nbsp;&#122;&#322; PLN za&#8230;<\/p>","protected":false},"author":1,"featured_media":0,"parent":0,"menu_order":0,"comment_status":"closed","ping_status":"closed","template":"","meta":{"_acf_changed":false,"footnotes":""},"class_list":["post-50749","page","type-page","status-publish","hentry"],"acf":[],"jetpack_sharing_enabled":true,"_links":{"self":[{"href":"https:\/\/garinitka.pl\/en\/wp-json\/wp\/v2\/pages\/50749","targetHints":{"allow":["GET"]}}],"collection":[{"href":"https:\/\/garinitka.pl\/en\/wp-json\/wp\/v2\/pages"}],"about":[{"href":"https:\/\/garinitka.pl\/en\/wp-json\/wp\/v2\/types\/page"}],"author":[{"embeddable":true,"href":"https:\/\/garinitka.pl\/en\/wp-json\/wp\/v2\/users\/1"}],"replies":[{"embeddable":true,"href":"https:\/\/garinitka.pl\/en\/wp-json\/wp\/v2\/comments?post=50749"}],"version-history":[{"count":4,"href":"https:\/\/garinitka.pl\/en\/wp-json\/wp\/v2\/pages\/50749\/revisions"}],"predecessor-version":[{"id":53084,"href":"https:\/\/garinitka.pl\/en\/wp-json\/wp\/v2\/pages\/50749\/revisions\/53084"}],"wp:attachment":[{"href":"https:\/\/garinitka.pl\/en\/wp-json\/wp\/v2\/media?parent=50749"}],"curies":[{"name":"wp","href":"https:\/\/api.w.org\/{rel}","templated":true}]}}