{"id":38573,"date":"2023-02-02T16:03:41","date_gmt":"2023-02-02T16:03:41","guid":{"rendered":"https:\/\/theme-dev.cmsmasters.net\/aesthetica\/?page_id=38573"},"modified":"2025-12-19T21:35:57","modified_gmt":"2025-12-19T21:35:57","slug":"kontakt","status":"publish","type":"page","link":"https:\/\/garinitka.pl\/en\/kontakt\/","title":{"rendered":"Kontakt"},"content":{"rendered":"<div data-elementor-type=\"wp-page\" data-elementor-id=\"38573\" class=\"elementor elementor-38573\">\n\t\t\t\t<div class=\"elementor-element elementor-element-a2cc128 e-con-full e-flex cmsmasters-block-default e-con e-parent\" data-id=\"a2cc128\" data-element_type=\"container\" data-e-type=\"container\">\n\t\t<div class=\"elementor-element elementor-element-fd28fae e-flex e-con-boxed cmsmasters-block-default e-con e-child\" data-id=\"fd28fae\" data-element_type=\"container\" data-e-type=\"container\" data-settings=\"{&quot;background_background&quot;:&quot;classic&quot;}\">\n\t\t\t\t\t<div class=\"e-con-inner\">\n\t\t<div class=\"elementor-element elementor-element-e1a1311 e-con-full e-flex cmsmasters-block-default e-con e-child\" data-id=\"e1a1311\" data-element_type=\"container\" data-e-type=\"container\">\n\t\t\t\t<div class=\"elementor-element elementor-element-12c0951 cmsmasters-block-default cmsmasters-sticky-default elementor-widget elementor-widget-heading\" data-id=\"12c0951\" data-element_type=\"widget\" data-e-type=\"widget\" data-widget_type=\"heading.default\">\n\t\t\t\t\t<p class=\"elementor-heading-title elementor-size-default\">Skontaktuj si\u0119 z nami!<\/p>\t\t\t\t<\/div>\n\t\t\t\t<div class=\"elementor-element elementor-element-7e5ef0e elementor-widget__width-initial cmsmasters-block-default cmsmasters-sticky-default elementor-widget elementor-widget-heading\" data-id=\"7e5ef0e\" data-element_type=\"widget\" data-e-type=\"widget\" data-widget_type=\"heading.default\">\n\t\t\t\t\t<h2 class=\"elementor-heading-title elementor-size-default\">Pytania o produkty, dylematy kuchenne, \u017cyciowe rozkminy przy patelni?\nFormularz jest ni\u017cej. My jeste\u015bmy po tej stronie \u2013 z kaw\u0105, apetytem i gotowo\u015bci\u0105 do rozmowy.<\/h2>\t\t\t\t<\/div>\n\t\t<div class=\"elementor-element elementor-element-aeee9d8 e-con-full e-flex cmsmasters-block-default e-con e-child\" data-id=\"aeee9d8\" data-element_type=\"container\" data-e-type=\"container\">\n\t\t\t\t<div class=\"elementor-element elementor-element-9f86a6a cmsmasters-button-mobile-align-left cmsmasters-block-default cmsmasters-sticky-default elementor-widget elementor-widget-cmsmasters-button\" data-id=\"9f86a6a\" data-element_type=\"widget\" data-e-type=\"widget\" data-widget_type=\"cmsmasters-button.default\">\n\t\t\t\t\t<div class=\"elementor-widget-cmsmasters-button__button-container\"><div class=\"elementor-widget-cmsmasters-button__button-container-inner\"><a href=\"https:\/\/garinitka.pl\/en\/gar-i-nitka\/\" class=\"cmsmasters-button-link elementor-widget-cmsmasters-button__button cmsmasters-icon-view- cmsmasters-icon-shape- cmsmasters-button-size-sm\" role=\"button\" tabindex=\"0\"><span class=\"elementor-widget-cmsmasters-button__content-wrapper cmsmasters-align-icon-\"><span class=\"elementor-widget-cmsmasters-button__text\">Poznaj nas<\/span><\/span><\/a><\/div><\/div>\t\t\t\t<\/div>\n\t\t\t\t<div data-separate-animation-selector=\".elementor-widget-cmsmasters-featured-box__icon-wrap, .elementor-widget-cmsmasters-featured-box__image-wrap, .elementor-widget-cmsmasters-featured-box__title, .elementor-widget-cmsmasters-featured-box__description, .elementor-widget-cmsmasters-featured-box__button-wrapper\" data-text-animation-class=\"sequental, random\" class=\"elementor-element elementor-element-b30c369 cmsmasters-featured-box__graphic-align-left cmsmasters-featured-box__link-box cmsmasters-featured-box__graphic-align-mobile-center cmsmasters-featured-box__text-valign-middle cmsmasters-block-default cmsmasters-sticky-default elementor-widget elementor-widget-cmsmasters-featured-box\" data-id=\"b30c369\" data-element_type=\"widget\" data-e-type=\"widget\" data-widget_type=\"cmsmasters-featured-box.default\">\n\t\t\t\t\t<a href=\"tel:%20+48793919466\" class=\"elementor-widget-cmsmasters-featured-box__wrapper\"><div class=\"elementor-widget-cmsmasters-featured-box__content\">\r\n\t\t\t\t<div class=\"elementor-widget-cmsmasters-featured-box__content-vertical-inner\"><div class=\"elementor-widget-cmsmasters-featured-box__type-wrap elementor-widget-cmsmasters-featured-box__content-item\"><h6 class=\"elementor-widget-cmsmasters-featured-box__title elementor-widget-cmsmasters-featured-box__content-item\">Spoko, dzwo\u0144:<\/h6><div class=\"elementor-widget-cmsmasters-featured-box__description elementor-widget-cmsmasters-featured-box__content-item\">+48 793 919 466<\/div><\/div>\r\n\t\t\t\t<\/div>\r\n\t\t\t<\/div>\r\n\t\t<\/a>\t\t\t\t<\/div>\n\t\t\t\t<\/div>\n\t\t\t\t<\/div>\n\t\t<div class=\"elementor-element elementor-element-15215f7 e-con-full e-flex cmsmasters-bg-hide-none cmsmasters-bg-hide-none cmsmasters-block-default e-con e-child\" data-id=\"15215f7\" data-element_type=\"container\" data-e-type=\"container\" data-settings=\"{&quot;background_background&quot;:&quot;classic&quot;}\">\n\t\t\t\t<div class=\"elementor-element elementor-element-83f02ae cmsmasters-block-default cmsmasters-sticky-default elementor-widget elementor-widget-spacer\" data-id=\"83f02ae\" data-element_type=\"widget\" data-e-type=\"widget\" data-widget_type=\"spacer.default\">\n\t\t\t\t\t\t\t<div class=\"elementor-spacer\">\n\t\t\t<div class=\"elementor-spacer-inner\"><\/div>\n\t\t<\/div>\n\t\t\t\t\t\t<\/div>\n\t\t\t\t<\/div>\n\t\t\t\t\t<\/div>\n\t\t\t\t<\/div>\n\t\t\t\t<\/div>\n\t\t<div class=\"elementor-element elementor-element-a8b3e6e e-flex e-con-boxed cmsmasters-block-default e-con e-parent\" data-id=\"a8b3e6e\" data-element_type=\"container\" data-e-type=\"container\">\n\t\t\t\t\t<div class=\"e-con-inner\">\n\t\t<div class=\"elementor-element elementor-element-d84bb5f e-con-full e-flex cmsmasters-block-default e-con e-child\" data-id=\"d84bb5f\" data-element_type=\"container\" data-e-type=\"container\">\n\t\t\t\t<div class=\"elementor-element elementor-element-420e386 cmsmasters-block-default cmsmasters-sticky-default elementor-widget elementor-widget-image\" data-id=\"420e386\" data-element_type=\"widget\" data-e-type=\"widget\" data-widget_type=\"image.default\">\n\t\t\t\t\t\t\t\t\t\t\t\t\t\t\t<img fetchpriority=\"high\" decoding=\"async\" width=\"1200\" height=\"1600\" src=\"https:\/\/garinitka.pl\/wp-content\/uploads\/2025\/12\/maja.jpg\" class=\"attachment-full size-full wp-image-52819\" alt=\"\" srcset=\"https:\/\/garinitka.pl\/wp-content\/uploads\/2025\/12\/maja.jpg 1200w, https:\/\/garinitka.pl\/wp-content\/uploads\/2025\/12\/maja-225x300.jpg 225w, https:\/\/garinitka.pl\/wp-content\/uploads\/2025\/12\/maja-768x1024.jpg 768w, https:\/\/garinitka.pl\/wp-content\/uploads\/2025\/12\/maja-1152x1536.jpg 1152w, https:\/\/garinitka.pl\/wp-content\/uploads\/2025\/12\/maja-600x800.jpg 600w\" sizes=\"(max-width: 1200px) 100vw, 1200px\" \/>\t\t\t\t\t\t\t\t\t\t\t\t\t\t\t<\/div>\n\t\t\t\t<\/div>\n\t\t<div class=\"elementor-element elementor-element-90a13e1 e-con-full e-flex cmsmasters-block-default e-con e-child\" data-id=\"90a13e1\" data-element_type=\"container\" data-e-type=\"container\">\n\t\t\t\t<div class=\"elementor-element elementor-element-06e0e5a cmsmasters-block-default cmsmasters-sticky-default elementor-invisible elementor-widget elementor-widget-heading\" data-id=\"06e0e5a\" data-element_type=\"widget\" data-e-type=\"widget\" data-settings=\"{&quot;_animation&quot;:&quot;cmsmasters-pop-in&quot;}\" data-widget_type=\"heading.default\">\n\t\t\t\t\t<h3 class=\"elementor-heading-title elementor-size-default\">Masz pytania?<\/h3>\t\t\t\t<\/div>\n\t\t\t\t<div class=\"elementor-element elementor-element-08825f3 cmsmasters-block-default cmsmasters-sticky-default elementor-invisible elementor-widget elementor-widget-text-editor\" data-id=\"08825f3\" data-element_type=\"widget\" data-e-type=\"widget\" data-settings=\"{&quot;_animation&quot;:&quot;cmsmasters-fade-in&quot;,&quot;_animation_delay&quot;:200}\" data-widget_type=\"text-editor.default\">\n\t\t\t\t\t\t\t\t\t<p>Masz pytanie o produkty? A mo\u017ce po prostu chcesz pogada\u0107 o jedzeniu? Napisz do nas. Lubimy dobre rozmowy, jeszcze lepsze sk\u0142adniki i historie zaczynaj\u0105ce si\u0119 od \u201ea dzi\u015b ugotowa\u0142em\u2026\u201d.<\/p>\t\t\t\t\t\t\t\t<\/div>\n\t\t\t\t<div class=\"elementor-element elementor-element-67121ad cmsmasters-block-default cmsmasters-sticky-default elementor-invisible elementor-widget elementor-widget-cmsmasters-forminator\" data-id=\"67121ad\" data-element_type=\"widget\" data-e-type=\"widget\" data-settings=\"{&quot;form_list&quot;:&quot;52695&quot;,&quot;_animation&quot;:&quot;cmsmasters-fade-in&quot;,&quot;_animation_delay&quot;:400}\" data-widget_type=\"cmsmasters-forminator.default\">\n\t\t\t\t\t<div class=\"elementor-widget-cmsmasters-contact-form__wrapper elementor-widget-cmsmasters-contact-form cmsmasters-default-color cmsmasters-default-font\" id=\"cmsmasters-widget-form-67121ad\">\r\n\t\t\t<div class=\"elementor-widget-cmsmasters-contact-form__inner\"><form id=\"forminator-module-52695\" class=\"forminator-custom-form forminator-custom-form-52695\" method=\"post\" data-forminator-render=\"0\" data-uid=\"69e622411f19e\" action=\"\"><div role=\"alert\" aria-live=\"polite\" class=\"forminator-response-message forminator-error\" aria-hidden=\"true\"><\/div><input type=\"hidden\" name=\"trp-form-language\" value=\"en\"\/><\/form><\/div>\r\n\t\t<\/div>\t\t\t\t<\/div>\n\t\t\t\t<\/div>\n\t\t\t\t\t<\/div>\n\t\t\t\t<\/div>\n\t\t\t\t<\/div>","protected":false},"excerpt":{"rendered":"<p>Skontaktuj si\u0119 z nami! Pytania o produkty, dylematy kuchenne, \u017cyciowe rozkminy przy patelni? Formularz jest ni\u017cej. My jeste\u015bmy po tej stronie \u2013 z kaw\u0105, apetytem i gotowo\u015bci\u0105 do rozmowy. Poznaj nas Spoko, dzwo\u0144: +48 793 919 466 Masz pytania? Masz pytanie o produkty? A mo\u017ce po prostu chcesz pogada\u0107 o jedzeniu? Napisz do nas. Lubimy&#8230;<\/p>","protected":false},"author":1,"featured_media":0,"parent":0,"menu_order":0,"comment_status":"closed","ping_status":"closed","template":"","meta":{"_acf_changed":false,"footnotes":""},"class_list":["post-38573","page","type-page","status-publish","hentry"],"acf":[],"jetpack_sharing_enabled":true,"_links":{"self":[{"href":"https:\/\/garinitka.pl\/en\/wp-json\/wp\/v2\/pages\/38573","targetHints":{"allow":["GET"]}}],"collection":[{"href":"https:\/\/garinitka.pl\/en\/wp-json\/wp\/v2\/pages"}],"about":[{"href":"https:\/\/garinitka.pl\/en\/wp-json\/wp\/v2\/types\/page"}],"author":[{"embeddable":true,"href":"https:\/\/garinitka.pl\/en\/wp-json\/wp\/v2\/users\/1"}],"replies":[{"embeddable":true,"href":"https:\/\/garinitka.pl\/en\/wp-json\/wp\/v2\/comments?post=38573"}],"version-history":[{"count":13,"href":"https:\/\/garinitka.pl\/en\/wp-json\/wp\/v2\/pages\/38573\/revisions"}],"predecessor-version":[{"id":52878,"href":"https:\/\/garinitka.pl\/en\/wp-json\/wp\/v2\/pages\/38573\/revisions\/52878"}],"wp:attachment":[{"href":"https:\/\/garinitka.pl\/en\/wp-json\/wp\/v2\/media?parent=38573"}],"curies":[{"name":"wp","href":"https:\/\/api.w.org\/{rel}","templated":true}]}}